{"id":926,"date":"2022-07-13T09:56:41","date_gmt":"2022-07-13T08:56:41","guid":{"rendered":"https:\/\/podebrady-info.cz\/?page_id=926"},"modified":"2025-10-15T12:41:16","modified_gmt":"2025-10-15T11:41:16","slug":"videa-2","status":"publish","type":"page","link":"https:\/\/podebrady-info.cz\/?page_id=926","title":{"rendered":"Videa"},"content":{"rendered":"<p><strong><span style=\"color: #000000;\">P\u0159eju si, aby m\u00e9 d\u011bti \u017eily ve SVOBODN\u00c9 ZEMI!<br \/>\nKristina, hospodsk\u00e1 z Nov\u00e9 Vsi (24.07.2021)<\/span><\/strong><\/p>\n<div class=\"wonderplugin-video\" style=\"width:600px;height:400px;position:relative;background-color:#000;overflow:hidden;max-width:100%;margin:0 auto\" data-aspectratio=\"1.5\"><div class=\"wpve-videoplayer\" style=\"position:relative;width:100%;height:100%\" data-mp4=\"https:\/\/podebrady-info.cz\/wp-content\/uploads\/2024\/06\/Preju-si-aby-me-deti-zily-ve-SVOBODNE-ZEMI-\u2013-Kristina-hospodska-z-Nove-Vsi-24.-7.-2021-720p.mp4\" data-skinfolder=\"https:\/\/podebrady-info.cz\/wp-content\/plugins\/wonderplugin-video-embed\/engine\/\" data-poster=\"https:\/\/podebrady-info.cz\/wp-content\/uploads\/2024\/12\/ik.jpg\" data-playbutton=\"https:\/\/podebrady-info.cz\/wp-content\/plugins\/wonderplugin-video-embed\/engine\/playvideo-64-64-0.png\"><\/div><\/div>\n","protected":false},"excerpt":{"rendered":"<p>P\u0159eju si, aby m\u00e9 d\u011bti \u017eily ve SVOBODN\u00c9 ZEMI! Kristina, hospodsk\u00e1 z Nov\u00e9 Vsi (24.07.2021)<\/p>\n","protected":false},"author":1,"featured_media":0,"parent":0,"menu_order":0,"comment_status":"closed","ping_status":"closed","template":"","meta":{"_seopress_robots_primary_cat":"","_seopress_titles_title":"","_seopress_titles_desc":"","_seopress_robots_index":"","_monsterinsights_skip_tracking":false,"_monsterinsights_sitenote_active":false,"_monsterinsights_sitenote_note":"","_monsterinsights_sitenote_category":0,"iawp_total_views":528,"footnotes":""},"class_list":["post-926","page","type-page","status-publish","hentry"],"jetpack_sharing_enabled":true,"_links":{"self":[{"href":"https:\/\/podebrady-info.cz\/index.php?rest_route=\/wp\/v2\/pages\/926","targetHints":{"allow":["GET"]}}],"collection":[{"href":"https:\/\/podebrady-info.cz\/index.php?rest_route=\/wp\/v2\/pages"}],"about":[{"href":"https:\/\/podebrady-info.cz\/index.php?rest_route=\/wp\/v2\/types\/page"}],"author":[{"embeddable":true,"href":"https:\/\/podebrady-info.cz\/index.php?rest_route=\/wp\/v2\/users\/1"}],"replies":[{"embeddable":true,"href":"https:\/\/podebrady-info.cz\/index.php?rest_route=%2Fwp%2Fv2%2Fcomments&post=926"}],"version-history":[{"count":2,"href":"https:\/\/podebrady-info.cz\/index.php?rest_route=\/wp\/v2\/pages\/926\/revisions"}],"predecessor-version":[{"id":2232,"href":"https:\/\/podebrady-info.cz\/index.php?rest_route=\/wp\/v2\/pages\/926\/revisions\/2232"}],"wp:attachment":[{"href":"https:\/\/podebrady-info.cz\/index.php?rest_route=%2Fwp%2Fv2%2Fmedia&parent=926"}],"curies":[{"name":"wp","href":"https:\/\/api.w.org\/{rel}","templated":true}]}}